{"id":333,"date":"2023-03-02T10:29:23","date_gmt":"2023-03-02T10:29:23","guid":{"rendered":"https:\/\/clever-goldberg.94-130-216-125.plesk.page\/?page_id=333"},"modified":"2023-05-03T11:50:21","modified_gmt":"2023-05-03T11:50:21","slug":"mediation","status":"publish","type":"page","link":"https:\/\/clever-goldberg.94-130-216-125.plesk.page\/index.php\/mediation\/","title":{"rendered":"Mediation"},"content":{"rendered":"\t\t<div data-elementor-type=\"wp-page\" data-elementor-id=\"333\" class=\"elementor elementor-333\">\n\t\t\t\t\t\t\t<div class=\"elementor-element elementor-element-a854362 e-con-boxed e-con\" data-id=\"a854362\" data-element_type=\"container\" data-settings=\"{&quot;content_width&quot;:&quot;boxed&quot;}\">\n\t\t\t\t\t<div class=\"e-con-inner\">\n\t\t\t\t<div class=\"elementor-element elementor-element-63c4636 elementor-nav-menu__align-right elementor-fixed e-transform elementor-nav-menu--dropdown-none elementor-widget elementor-widget-nav-menu\" data-id=\"63c4636\" data-element_type=\"widget\" data-settings=\"{&quot;_position&quot;:&quot;fixed&quot;,&quot;_transform_rotateZ_effect&quot;:{&quot;unit&quot;:&quot;px&quot;,&quot;size&quot;:90,&quot;sizes&quot;:[]},&quot;layout&quot;:&quot;horizontal&quot;,&quot;submenu_icon&quot;:{&quot;value&quot;:&quot;&lt;i class=\\&quot;fas fa-caret-down\\&quot;&gt;&lt;\\\/i&gt;&quot;,&quot;library&quot;:&quot;fa-solid&quot;},&quot;_transform_rotateZ_effect_tablet&quot;:{&quot;unit&quot;:&quot;deg&quot;,&quot;size&quot;:&quot;&quot;,&quot;sizes&quot;:[]},&quot;_transform_rotateZ_effect_mobile&quot;:{&quot;unit&quot;:&quot;deg&quot;,&quot;size&quot;:&quot;&quot;,&quot;sizes&quot;:[]}}\" data-widget_type=\"nav-menu.default\">\n\t\t\t\t<div class=\"elementor-widget-container\">\n\t\t\t<link rel=\"stylesheet\" href=\"https:\/\/clever-goldberg.94-130-216-125.plesk.page\/wp-content\/plugins\/elementor-pro\/assets\/css\/widget-nav-menu.min.css\">\t\t\t<nav class=\"elementor-nav-menu--main elementor-nav-menu__container elementor-nav-menu--layout-horizontal e--pointer-none\">\n\t\t\t\t<ul id=\"menu-1-63c4636\" class=\"elementor-nav-menu\"><li class=\"menu-item menu-item-type-post_type menu-item-object-page menu-item-home menu-item-78\"><a href=\"https:\/\/clever-goldberg.94-130-216-125.plesk.page\/\" class=\"elementor-item\">Willkommen<\/a><\/li>\n<li class=\"menu-item menu-item-type-post_type menu-item-object-page menu-item-344\"><a href=\"https:\/\/clever-goldberg.94-130-216-125.plesk.page\/index.php\/mediation\/\" class=\"elementor-item\">Mediation<\/a><\/li>\n<li class=\"menu-item menu-item-type-post_type menu-item-object-page menu-item-345\"><a href=\"https:\/\/clever-goldberg.94-130-216-125.plesk.page\/index.php\/partner\/\" class=\"elementor-item\">Partner<\/a><\/li>\n<li class=\"menu-item menu-item-type-post_type menu-item-object-page menu-item-346\"><a href=\"https:\/\/clever-goldberg.94-130-216-125.plesk.page\/index.php\/kontakt\/\" class=\"elementor-item\">Kontakt<\/a><\/li>\n<\/ul>\t\t\t<\/nav>\n\t\t\t\t\t\t<nav class=\"elementor-nav-menu--dropdown elementor-nav-menu__container\" aria-hidden=\"true\">\n\t\t\t\t<ul id=\"menu-2-63c4636\" class=\"elementor-nav-menu\"><li class=\"menu-item menu-item-type-post_type menu-item-object-page menu-item-home menu-item-78\"><a href=\"https:\/\/clever-goldberg.94-130-216-125.plesk.page\/\" class=\"elementor-item\" tabindex=\"-1\">Willkommen<\/a><\/li>\n<li class=\"menu-item menu-item-type-post_type menu-item-object-page menu-item-344\"><a href=\"https:\/\/clever-goldberg.94-130-216-125.plesk.page\/index.php\/mediation\/\" class=\"elementor-item\" tabindex=\"-1\">Mediation<\/a><\/li>\n<li class=\"menu-item menu-item-type-post_type menu-item-object-page menu-item-345\"><a href=\"https:\/\/clever-goldberg.94-130-216-125.plesk.page\/index.php\/partner\/\" class=\"elementor-item\" tabindex=\"-1\">Partner<\/a><\/li>\n<li class=\"menu-item menu-item-type-post_type menu-item-object-page menu-item-346\"><a href=\"https:\/\/clever-goldberg.94-130-216-125.plesk.page\/index.php\/kontakt\/\" class=\"elementor-item\" tabindex=\"-1\">Kontakt<\/a><\/li>\n<\/ul>\t\t\t<\/nav>\n\t\t\t\t<\/div>\n\t\t\t\t<\/div>\n\t\t\t\t<div class=\"elementor-element elementor-element-5e84f71 elementor-fixed elementor-widget elementor-widget-image\" data-id=\"5e84f71\" data-element_type=\"widget\" data-settings=\"{&quot;_position&quot;:&quot;fixed&quot;}\" data-widget_type=\"image.default\">\n\t\t\t\t<div class=\"elementor-widget-container\">\n\t\t\t<style>\/*! elementor - v3.12.2 - 23-04-2023 *\/\n.elementor-widget-image{text-align:center}.elementor-widget-image a{display:inline-block}.elementor-widget-image a img[src$=\".svg\"]{width:48px}.elementor-widget-image img{vertical-align:middle;display:inline-block}<\/style>\t\t\t\t\t\t\t\t\t\t\t\t<img decoding=\"async\" src=\"https:\/\/clever-goldberg.94-130-216-125.plesk.page\/wp-content\/uploads\/elementor\/thumbs\/LindenthalSchmidtLogo-q5x35t1t4ld4y09k6q5whhjkezyeekjs9rgqdlalz6.png\" title=\"LindenthalSchmidtLogo\" alt=\"LindenthalSchmidtLogo\" loading=\"lazy\" \/>\t\t\t\t\t\t\t\t\t\t\t\t\t\t\t<\/div>\n\t\t\t\t<\/div>\n\t\t\t\t\t<\/div>\n\t\t\t\t<\/div>\n\t\t<div class=\"elementor-element elementor-element-8afe0cc e-con-full e-con\" data-id=\"8afe0cc\" data-element_type=\"container\" data-settings=\"{&quot;content_width&quot;:&quot;full&quot;}\">\n\t\t\t\t<div class=\"elementor-element elementor-element-4e51d6d elementor-widget__width-initial elementor-widget elementor-widget-image\" data-id=\"4e51d6d\" data-element_type=\"widget\" data-widget_type=\"image.default\">\n\t\t\t\t<div class=\"elementor-widget-container\">\n\t\t\t\t\t\t\t\t\t\t\t\t\t\t\t<img loading=\"lazy\" decoding=\"async\" width=\"683\" height=\"1024\" src=\"https:\/\/clever-goldberg.94-130-216-125.plesk.page\/wp-content\/uploads\/2023\/03\/hug-683x1024.jpg\" class=\"attachment-large size-large wp-image-431\" alt=\"\" srcset=\"https:\/\/clever-goldberg.94-130-216-125.plesk.page\/wp-content\/uploads\/2023\/03\/hug-683x1024.jpg 683w, https:\/\/clever-goldberg.94-130-216-125.plesk.page\/wp-content\/uploads\/2023\/03\/hug-200x300.jpg 200w, https:\/\/clever-goldberg.94-130-216-125.plesk.page\/wp-content\/uploads\/2023\/03\/hug-768x1152.jpg 768w, https:\/\/clever-goldberg.94-130-216-125.plesk.page\/wp-content\/uploads\/2023\/03\/hug-1024x1536.jpg 1024w, https:\/\/clever-goldberg.94-130-216-125.plesk.page\/wp-content\/uploads\/2023\/03\/hug-1365x2048.jpg 1365w, https:\/\/clever-goldberg.94-130-216-125.plesk.page\/wp-content\/uploads\/2023\/03\/hug-scaled.jpg 1707w\" sizes=\"auto, (max-width: 683px) 100vw, 683px\" \/>\t\t\t\t\t\t\t\t\t\t\t\t\t\t\t<\/div>\n\t\t\t\t<\/div>\n\t\t\t\t<div class=\"elementor-element elementor-element-9e7b890 elementor-blockquote--skin-quotation elementor-blockquote--align-left elementor-widget__width-initial elementor-blockquote--button-color-official elementor-widget elementor-widget-blockquote\" data-id=\"9e7b890\" data-element_type=\"widget\" data-widget_type=\"blockquote.default\">\n\t\t\t\t<div class=\"elementor-widget-container\">\n\t\t\t<style>\/*! elementor-pro - v3.12.3 - 23-04-2023 *\/\n@charset \"UTF-8\";.entry-content blockquote.elementor-blockquote:not(.alignright):not(.alignleft),.entry-summary blockquote.elementor-blockquote{margin-right:0;margin-left:0}.elementor-widget-blockquote blockquote{margin:0;padding:0;outline:0;font-size:100%;vertical-align:baseline;background:transparent;quotes:none;border:0;font-style:normal;color:#3a3f45}.elementor-widget-blockquote blockquote .e-q-footer:after,.elementor-widget-blockquote blockquote .e-q-footer:before,.elementor-widget-blockquote blockquote:after,.elementor-widget-blockquote blockquote:before,.elementor-widget-blockquote blockquote cite:after,.elementor-widget-blockquote blockquote cite:before{content:none}.elementor-blockquote{transition:.3s}.elementor-blockquote__author,.elementor-blockquote__content{margin-bottom:0;font-style:normal}.elementor-blockquote__author{font-weight:700}.elementor-blockquote .e-q-footer{margin-top:12px;display:flex;justify-content:space-between}.elementor-blockquote__tweet-button{display:flex;transition:.3s;color:#1da1f2;align-self:flex-end;line-height:1;position:relative;width:-moz-max-content;width:max-content}.elementor-blockquote__tweet-button:hover{color:#0967a0}.elementor-blockquote__tweet-button span{font-weight:600}.elementor-blockquote__tweet-button i,.elementor-blockquote__tweet-button span{vertical-align:middle}.elementor-blockquote__tweet-button i+span,.elementor-blockquote__tweet-button svg+span{margin-left:.5em}.elementor-blockquote__tweet-button svg{fill:#1da1f2;height:1em;width:1em}.elementor-blockquote__tweet-label{white-space:pre-wrap}.elementor-blockquote--button-skin-bubble .elementor-blockquote__tweet-button,.elementor-blockquote--button-skin-classic .elementor-blockquote__tweet-button{padding:.7em 1.2em;border-radius:100em;background-color:#1da1f2;color:#fff;font-size:15px}.elementor-blockquote--button-skin-bubble .elementor-blockquote__tweet-button:hover,.elementor-blockquote--button-skin-classic .elementor-blockquote__tweet-button:hover{background-color:#0967a0;color:#fff}.elementor-blockquote--button-skin-bubble .elementor-blockquote__tweet-button:hover:before,.elementor-blockquote--button-skin-classic .elementor-blockquote__tweet-button:hover:before{border-right-color:#0967a0}.elementor-blockquote--button-skin-bubble .elementor-blockquote__tweet-button svg,.elementor-blockquote--button-skin-classic .elementor-blockquote__tweet-button svg{fill:#fff;height:1em;width:1em}.elementor-blockquote--button-skin-bubble.elementor-blockquote--button-view-icon .elementor-blockquote__tweet-button,.elementor-blockquote--button-skin-classic.elementor-blockquote--button-view-icon .elementor-blockquote__tweet-button{padding:0;width:2em;height:2em}.elementor-blockquote--button-skin-bubble.elementor-blockquote--button-view-icon .elementor-blockquote__tweet-button i,.elementor-blockquote--button-skin-classic.elementor-blockquote--button-view-icon .elementor-blockquote__tweet-button i{position:absolute;left:50%;top:50%;transform:translate(-50%,-50%)}.elementor-blockquote--button-skin-bubble .elementor-blockquote__tweet-button:before{content:\"\";border:.5em solid transparent;border-right-color:#1da1f2;position:absolute;left:-.8em;top:50%;transform:translateY(-50%) scaleY(.65);transition:.3s}.elementor-blockquote--button-skin-bubble.elementor-blockquote--align-left .elementor-blockquote__tweet-button:before{right:auto;left:-.8em;border-right-color:#1da1f2;border-left-color:transparent}.elementor-blockquote--button-skin-bubble.elementor-blockquote--align-left .elementor-blockquote__tweet-button:hover:before{border-right-color:#0967a0}.elementor-blockquote--button-skin-bubble.elementor-blockquote--align-right .elementor-blockquote__tweet-button:before{left:auto;right:-.8em;border-right-color:transparent;border-left-color:#1da1f2}.elementor-blockquote--button-skin-bubble.elementor-blockquote--align-right .elementor-blockquote__tweet-button:hover:before{border-left-color:#0967a0}.elementor-blockquote--skin-boxed .elementor-blockquote{background-color:#f9fafa;padding:30px}.elementor-blockquote--skin-border .elementor-blockquote{border-color:#f9fafa;border-left:7px #f9fafa;border-style:solid;padding-left:20px}.elementor-blockquote--skin-quotation .elementor-blockquote:before{content:\"\u201c\";font-size:100px;color:#f9fafa;font-family:Times New Roman,Times,serif;font-weight:900;line-height:1;display:block;height:.6em}.elementor-blockquote--skin-quotation .elementor-blockquote__content{margin-top:15px}.elementor-blockquote--align-left .elementor-blockquote__content{text-align:left}.elementor-blockquote--align-left .elementor-blockquote .e-q-footer{flex-direction:row}.elementor-blockquote--align-right .elementor-blockquote__content{text-align:right}.elementor-blockquote--align-right .elementor-blockquote .e-q-footer{flex-direction:row-reverse}.elementor-blockquote--align-center .elementor-blockquote{text-align:center}.elementor-blockquote--align-center .elementor-blockquote .e-q-footer,.elementor-blockquote--align-center .elementor-blockquote__author{display:block}.elementor-blockquote--align-center .elementor-blockquote__tweet-button{margin-right:auto;margin-left:auto}<\/style>\t\t<blockquote class=\"elementor-blockquote\">\n\t\t\t<p class=\"elementor-blockquote__content\">\n\t\t\t\tRichten wir unsere Aufmerksamkeit lieber auf das, was wir tun wollen, als auf das, was schief gelaufen ist.\t\t\t<\/p>\n\t\t\t\t\t\t\t<div class=\"e-q-footer\">\n\t\t\t\t\t\t\t\t\t\t\t<cite class=\"elementor-blockquote__author\">Marshall Rosenberg<\/cite>\n\t\t\t\t\t\t\t\t\t\t\t\t\t\t<\/div>\n\t\t\t\t\t<\/blockquote>\n\t\t\t\t<\/div>\n\t\t\t\t<\/div>\n\t\t\t\t<\/div>\n\t\t<div class=\"elementor-element elementor-element-e8e5cab e-con-full e-con\" data-id=\"e8e5cab\" data-element_type=\"container\" data-settings=\"{&quot;content_width&quot;:&quot;full&quot;}\">\n\t\t\t\t<div class=\"elementor-element elementor-element-3d32252 elementor-widget elementor-widget-heading\" data-id=\"3d32252\" data-element_type=\"widget\" data-widget_type=\"heading.default\">\n\t\t\t\t<div class=\"elementor-widget-container\">\n\t\t\t<style>\/*! elementor - v3.12.2 - 23-04-2023 *\/\n.elementor-heading-title{padding:0;margin:0;line-height:1}.elementor-widget-heading .elementor-heading-title[class*=elementor-size-]>a{color:inherit;font-size:inherit;line-height:inherit}.elementor-widget-heading .elementor-heading-title.elementor-size-small{font-size:15px}.elementor-widget-heading .elementor-heading-title.elementor-size-medium{font-size:19px}.elementor-widget-heading .elementor-heading-title.elementor-size-large{font-size:29px}.elementor-widget-heading .elementor-heading-title.elementor-size-xl{font-size:39px}.elementor-widget-heading .elementor-heading-title.elementor-size-xxl{font-size:59px}<\/style><h2 class=\"elementor-heading-title elementor-size-default\">Vorteile einer Mediation<\/h2>\t\t<\/div>\n\t\t\t\t<\/div>\n\t\t\t\t<div class=\"elementor-element elementor-element-09c7746 elementor-widget elementor-widget-text-editor\" data-id=\"09c7746\" data-element_type=\"widget\" data-widget_type=\"text-editor.default\">\n\t\t\t\t<div class=\"elementor-widget-container\">\n\t\t\t<style>\/*! elementor - v3.12.2 - 23-04-2023 *\/\n.elementor-widget-text-editor.elementor-drop-cap-view-stacked .elementor-drop-cap{background-color:#69727d;color:#fff}.elementor-widget-text-editor.elementor-drop-cap-view-framed .elementor-drop-cap{color:#69727d;border:3px solid;background-color:transparent}.elementor-widget-text-editor:not(.elementor-drop-cap-view-default) .elementor-drop-cap{margin-top:8px}.elementor-widget-text-editor:not(.elementor-drop-cap-view-default) .elementor-drop-cap-letter{width:1em;height:1em}.elementor-widget-text-editor .elementor-drop-cap{float:left;text-align:center;line-height:1;font-size:50px}.elementor-widget-text-editor .elementor-drop-cap-letter{display:inline-block}<\/style>\t\t\t\tAus unserer Erfahrung wissen wir &#8211; viele rechtliche Auseinandersetzungen sind lediglich das Produkt einer fehlgehenden Kommunikation und einer Mischung aus Emotionalit\u00e4t, Missverst\u00e4ndnissen und falscher Beratung. Dies ist auch der Grund, warum sich gerade gerichtliche Streitigkeiten und somit h\u00e4ufig jahrelange und nervenaufreibende Prozesse sehr oft vermeiden lie\u00dfen.\n\n\nAn dieser Stelle setzt die Mediation an. Hierbei handelt es sich um ein freiwilliges Verfahren zur au\u00dfergerichtlichen Konfliktl\u00f6sung. Ziel ist es, eine den Interessen der Beteiligten gerecht werdende und verbindliche L\u00f6sung zu finden.\t\t\t\t\t\t<\/div>\n\t\t\t\t<\/div>\n\t\t\t\t<\/div>\n\t\t<div class=\"elementor-element elementor-element-7ec1797 e-con-full e-con\" data-id=\"7ec1797\" data-element_type=\"container\" data-settings=\"{&quot;content_width&quot;:&quot;full&quot;,&quot;background_background&quot;:&quot;classic&quot;}\">\n\t\t\t\t<div class=\"elementor-element elementor-element-1627e15 elementor-widget elementor-widget-heading\" data-id=\"1627e15\" data-element_type=\"widget\" data-widget_type=\"heading.default\">\n\t\t\t\t<div class=\"elementor-widget-container\">\n\t\t\t<h2 class=\"elementor-heading-title elementor-size-default\">Unser Angebot<\/h2>\t\t<\/div>\n\t\t\t\t<\/div>\n\t\t<div class=\"elementor-element elementor-element-33470f9 e-con-boxed e-con\" data-id=\"33470f9\" data-element_type=\"container\" data-settings=\"{&quot;content_width&quot;:&quot;boxed&quot;}\">\n\t\t\t\t\t<div class=\"e-con-inner\">\n\t\t\t\t<div class=\"elementor-element elementor-element-d33ab2a elementor-widget elementor-widget-image\" data-id=\"d33ab2a\" data-element_type=\"widget\" data-widget_type=\"image.default\">\n\t\t\t\t<div class=\"elementor-widget-container\">\n\t\t\t\t\t\t\t\t\t\t\t\t\t\t\t<img loading=\"lazy\" decoding=\"async\" width=\"200\" height=\"300\" src=\"https:\/\/clever-goldberg.94-130-216-125.plesk.page\/wp-content\/uploads\/2023\/03\/fightForYourRight-200x300.jpg\" class=\"attachment-medium size-medium wp-image-265\" alt=\"\" srcset=\"https:\/\/clever-goldberg.94-130-216-125.plesk.page\/wp-content\/uploads\/2023\/03\/fightForYourRight-200x300.jpg 200w, https:\/\/clever-goldberg.94-130-216-125.plesk.page\/wp-content\/uploads\/2023\/03\/fightForYourRight-684x1024.jpg 684w, https:\/\/clever-goldberg.94-130-216-125.plesk.page\/wp-content\/uploads\/2023\/03\/fightForYourRight-768x1150.jpg 768w, https:\/\/clever-goldberg.94-130-216-125.plesk.page\/wp-content\/uploads\/2023\/03\/fightForYourRight-1026x1536.jpg 1026w, https:\/\/clever-goldberg.94-130-216-125.plesk.page\/wp-content\/uploads\/2023\/03\/fightForYourRight-1368x2048.jpg 1368w, https:\/\/clever-goldberg.94-130-216-125.plesk.page\/wp-content\/uploads\/2023\/03\/fightForYourRight-scaled.jpg 1710w\" sizes=\"auto, (max-width: 200px) 100vw, 200px\" \/>\t\t\t\t\t\t\t\t\t\t\t\t\t\t\t<\/div>\n\t\t\t\t<\/div>\n\t\t\t\t<div class=\"elementor-element elementor-element-b8bacb9 elementor-widget__width-initial elementor-widget elementor-widget-text-editor\" data-id=\"b8bacb9\" data-element_type=\"widget\" data-widget_type=\"text-editor.default\">\n\t\t\t\t<div class=\"elementor-widget-container\">\n\t\t\t\t\t\t\t<div class=\"\" data-mesh-id=\"comp-k87mt2huinlineContent\" data-testid=\"inline-content\"><div data-mesh-id=\"comp-k87mt2huinlineContent-gridContainer\" data-testid=\"mesh-container-content\"><div id=\"comp-k87mt2mp2\" class=\"KcpHeO tz5f0K comp-k87mt2mp2 wixui-text\" data-testid=\"richTextElement\" data-angle=\"0\" data-angle-style-location=\"style\" data-screen-in-hide=\"done\"><p class=\"font_7\">Unsere Fertigkeiten zur au\u00dfergerichtlichen Streitbeilegung sch\u00e4rften wir im Rahmen unserer T\u00e4tigkeit in einer wirtschaftlich ausgerichteten Gro\u00dfkanzlei an den Standorten M\u00fcnchen und Hamburg im Bereich des Complex Disputes, indem wir gro\u00dfen Unternehmen dabei verhalfen, sich in- sowie extern anbahnende Konflikte zu schlichten und einer Einigung zuzuf\u00fchren. Aber auch unsere mehrj\u00e4hrige Expertise in unserer Kanzlei zeigt uns, dass es effizientere und ressourcenschonendere L\u00f6sungen gibt, denn viele Parteien sind gerade zu Beginn des Konflikts sehr wohl gewillt, die Angelegenheit friedlich zu beenden.\u00a0<\/p><p class=\"font_7\">Wir bieten daher neben den klassischen Bereichen des Rechts bei Streitigkeiten in Unternehmen, Familien oder sonstigen zwischenmenschlichen Beziehungen die M\u00f6glichkeit zu gewaltfreien Konfliktl\u00f6sung im Rahmen der Mediation.<\/p><p class=\"font_7\">Als ausgebildeter Mediator und durch langj\u00e4hrige Erfahrung mit der Gewaltfreien Kommunikation kommt unseren Mandanten eine qualitativ hochwertige, wie menschliche Expertise zu Gute, die zur Streitbeilegung f\u00fchrt.\u00a0<\/p><\/div><\/div><\/div>\t\t\t\t\t\t<\/div>\n\t\t\t\t<\/div>\n\t\t\t\t\t<\/div>\n\t\t\t\t<\/div>\n\t\t<div class=\"elementor-element elementor-element-fc85ba6 e-con-boxed e-con\" data-id=\"fc85ba6\" data-element_type=\"container\" data-settings=\"{&quot;content_width&quot;:&quot;boxed&quot;}\">\n\t\t\t\t\t<div class=\"e-con-inner\">\n\t\t<div class=\"elementor-element elementor-element-37bb445 e-con-boxed e-con\" data-id=\"37bb445\" data-element_type=\"container\" data-settings=\"{&quot;content_width&quot;:&quot;boxed&quot;}\">\n\t\t\t\t\t<div class=\"e-con-inner\">\n\t\t\t\t<div class=\"elementor-element elementor-element-0b15adf elementor-widget elementor-widget-heading\" data-id=\"0b15adf\" data-element_type=\"widget\" data-widget_type=\"heading.default\">\n\t\t\t\t<div class=\"elementor-widget-container\">\n\t\t\t<h2 class=\"elementor-heading-title elementor-size-default\">Wirtschaftsmediation<\/h2>\t\t<\/div>\n\t\t\t\t<\/div>\n\t\t\t\t<div class=\"elementor-element elementor-element-2519af5 elementor-widget elementor-widget-text-editor\" data-id=\"2519af5\" data-element_type=\"widget\" data-widget_type=\"text-editor.default\">\n\t\t\t\t<div class=\"elementor-widget-container\">\n\t\t\t\t\t\t\t<p>Der Bereich, f\u00fcr den eine Wirtschaftsmediation in Betracht kommt, ist vielf\u00e4ltig. Konflikte kommen in der gesamten Wirtschaftswelt fast allt\u00e4glich vor. So reicht die Spannbreite von Konflikten zweischen Arbeitgeber*in\/Arbeitnehmer*in, Konflikte unter Gesch\u00e4ftsparter*innen, problematische Unternehmensnachfolgend bis hin zu streitigen Auseinandersetzung in Familienunternehmen. Neben den Emotionen und Nerven, die ein solcher Konflikt mit sich bringt, geht es in diesen F\u00e4llen regelm\u00e4\u00dfig auch um hohe finanzielle Risiken und immense Verantwortung.<\/p>\t\t\t\t\t\t<\/div>\n\t\t\t\t<\/div>\n\t\t\t\t\t<\/div>\n\t\t\t\t<\/div>\n\t\t<div class=\"elementor-element elementor-element-ed1e181 e-con-boxed e-con\" data-id=\"ed1e181\" data-element_type=\"container\" data-settings=\"{&quot;content_width&quot;:&quot;boxed&quot;}\">\n\t\t\t\t\t<div class=\"e-con-inner\">\n\t\t\t\t<div class=\"elementor-element elementor-element-8d2a111 elementor-widget elementor-widget-heading\" data-id=\"8d2a111\" data-element_type=\"widget\" data-widget_type=\"heading.default\">\n\t\t\t\t<div class=\"elementor-widget-container\">\n\t\t\t<h2 class=\"elementor-heading-title elementor-size-default\">Familienmediation<\/h2>\t\t<\/div>\n\t\t\t\t<\/div>\n\t\t\t\t<div class=\"elementor-element elementor-element-19c4b56 elementor-widget elementor-widget-text-editor\" data-id=\"19c4b56\" data-element_type=\"widget\" data-widget_type=\"text-editor.default\">\n\t\t\t\t<div class=\"elementor-widget-container\">\n\t\t\t\t\t\t\t<p>Die Familienmediation betrifft nicht nur den klassischsten Teil, der sich um die Trennung\/Scheidung &#8211; oft unter Einbeziehung von Kindern &#8211; eines (Ehe-)Paares dreht. Auch normale Partnerkonflikte (un-)verheirateter, hetero- oder homosexueller Paare eignet sich f\u00fcr eine Mediation. Neben dieser Entscheidung f\u00fcr oder gegen eine Liebesbeziehung erstreckt sich die Familienmediation auch auf Auseinandersetzungen im Hinblick auf eine Testamentsgestaltung, anderen Erbauseinandersetzungen, das Zusammenleben von Patchwork-Familien oder etwa Mehrgenerationenkonflikte.<\/p>\t\t\t\t\t\t<\/div>\n\t\t\t\t<\/div>\n\t\t\t\t\t<\/div>\n\t\t\t\t<\/div>\n\t\t\t\t\t<\/div>\n\t\t\t\t<\/div>\n\t\t\t\t<\/div>\n\t\t<div class=\"elementor-element elementor-element-10dd40f e-con-full e-con\" data-id=\"10dd40f\" data-element_type=\"container\" data-settings=\"{&quot;content_width&quot;:&quot;full&quot;,&quot;background_background&quot;:&quot;classic&quot;}\">\n\t\t\t\t<div class=\"elementor-element elementor-element-aa2e721 elementor-cta--skin-classic elementor-animated-content elementor-bg-transform elementor-bg-transform-zoom-in elementor-widget elementor-widget-call-to-action\" data-id=\"aa2e721\" data-element_type=\"widget\" data-widget_type=\"call-to-action.default\">\n\t\t\t\t<div class=\"elementor-widget-container\">\n\t\t\t<link rel=\"stylesheet\" href=\"https:\/\/clever-goldberg.94-130-216-125.plesk.page\/wp-content\/plugins\/elementor-pro\/assets\/css\/widget-call-to-action.min.css\">\t\t<div class=\"elementor-cta\">\n\t\t\t\t\t<div class=\"elementor-cta__bg-wrapper\">\n\t\t\t\t<div class=\"elementor-cta__bg elementor-bg\" style=\"background-image: url(https:\/\/clever-goldberg.94-130-216-125.plesk.page\/wp-content\/uploads\/2023\/03\/notepad-scaled.jpg);\"><\/div>\n\t\t\t\t<div class=\"elementor-cta__bg-overlay\"><\/div>\n\t\t\t<\/div>\n\t\t\t\t\t\t\t<div class=\"elementor-cta__content\">\n\t\t\t\t\n\t\t\t\t<h2 class=\"elementor-cta__title elementor-cta__content-item elementor-content-item\">Kostenloses Erstgespr\u00e4ch<\/h2>\n\t\t\t\t\t\t\t\t\t<div class=\"elementor-cta__description elementor-cta__content-item elementor-content-item\">\n\t\t\t\t\t\tWir finden gemeinsam eine L\u00f6sung f\u00fcr Ihr Anliegen\t\t\t\t\t<\/div>\n\t\t\t\t\n\t\t\t\t\t\t\t\t\t<div class=\"elementor-cta__button-wrapper elementor-cta__content-item elementor-content-item \">\n\t\t\t\t\t<a class=\"elementor-cta__button elementor-button elementor-size-sm\" href=\"https:\/\/clever-goldberg.94-130-216-125.plesk.page\/index.php\/kontakt\/\">\n\t\t\t\t\t\tKontakt\t\t\t\t\t<\/a>\n\t\t\t\t\t<\/div>\n\t\t\t\t\t\t\t<\/div>\n\t\t\t\t\t\t<\/div>\n\t\t\t\t<\/div>\n\t\t\t\t<\/div>\n\t\t\t\t<\/div>\n\t\t\t\t\t\t\t<\/div>\n\t\t","protected":false},"excerpt":{"rendered":"<p>Richten wir unsere Aufmerksamkeit lieber auf das, was wir tun wollen, als auf das, was schief gelaufen ist. Marshall Rosenberg Vorteile einer Mediation Aus unserer Erfahrung wissen wir &#8211; viele rechtliche Auseinandersetzungen sind lediglich das Produkt einer fehlgehenden Kommunikation und einer Mischung aus Emotionalit\u00e4t, Missverst\u00e4ndnissen und falscher Beratung. Dies ist auch der Grund, warum sich [&hellip;]<\/p>\n","protected":false},"author":1,"featured_media":0,"parent":0,"menu_order":0,"comment_status":"closed","ping_status":"closed","template":"","meta":{"footnotes":""},"class_list":["post-333","page","type-page","status-publish","hentry"],"_links":{"self":[{"href":"https:\/\/clever-goldberg.94-130-216-125.plesk.page\/index.php\/wp-json\/wp\/v2\/pages\/333","targetHints":{"allow":["GET"]}}],"collection":[{"href":"https:\/\/clever-goldberg.94-130-216-125.plesk.page\/index.php\/wp-json\/wp\/v2\/pages"}],"about":[{"href":"https:\/\/clever-goldberg.94-130-216-125.plesk.page\/index.php\/wp-json\/wp\/v2\/types\/page"}],"author":[{"embeddable":true,"href":"https:\/\/clever-goldberg.94-130-216-125.plesk.page\/index.php\/wp-json\/wp\/v2\/users\/1"}],"replies":[{"embeddable":true,"href":"https:\/\/clever-goldberg.94-130-216-125.plesk.page\/index.php\/wp-json\/wp\/v2\/comments?post=333"}],"version-history":[{"count":163,"href":"https:\/\/clever-goldberg.94-130-216-125.plesk.page\/index.php\/wp-json\/wp\/v2\/pages\/333\/revisions"}],"predecessor-version":[{"id":785,"href":"https:\/\/clever-goldberg.94-130-216-125.plesk.page\/index.php\/wp-json\/wp\/v2\/pages\/333\/revisions\/785"}],"wp:attachment":[{"href":"https:\/\/clever-goldberg.94-130-216-125.plesk.page\/index.php\/wp-json\/wp\/v2\/media?parent=333"}],"curies":[{"name":"wp","href":"https:\/\/api.w.org\/{rel}","templated":true}]}}