{"id":325,"date":"2023-03-02T09:59:29","date_gmt":"2023-03-02T09:59:29","guid":{"rendered":"https:\/\/clever-goldberg.94-130-216-125.plesk.page\/?page_id=325"},"modified":"2023-03-02T10:51:56","modified_gmt":"2023-03-02T10:51:56","slug":"impressum","status":"publish","type":"page","link":"https:\/\/clever-goldberg.94-130-216-125.plesk.page\/index.php\/impressum\/","title":{"rendered":"Impressum"},"content":{"rendered":"\t\t<div data-elementor-type=\"wp-page\" data-elementor-id=\"325\" class=\"elementor elementor-325\">\n\t\t\t\t\t\t\t<div class=\"elementor-element elementor-element-df63793 e-con-boxed e-con\" data-id=\"df63793\" data-element_type=\"container\" data-settings=\"{&quot;content_width&quot;:&quot;boxed&quot;}\">\n\t\t\t\t\t<div class=\"e-con-inner\">\n\t\t\t\t<div class=\"elementor-element elementor-element-cd5b4a1 elementor-widget elementor-widget-text-editor\" data-id=\"cd5b4a1\" data-element_type=\"widget\" data-widget_type=\"text-editor.default\">\n\t\t\t\t<div class=\"elementor-widget-container\">\n\t\t\t<style>\/*! elementor - v3.12.2 - 23-04-2023 *\/\n.elementor-widget-text-editor.elementor-drop-cap-view-stacked .elementor-drop-cap{background-color:#69727d;color:#fff}.elementor-widget-text-editor.elementor-drop-cap-view-framed .elementor-drop-cap{color:#69727d;border:3px solid;background-color:transparent}.elementor-widget-text-editor:not(.elementor-drop-cap-view-default) .elementor-drop-cap{margin-top:8px}.elementor-widget-text-editor:not(.elementor-drop-cap-view-default) .elementor-drop-cap-letter{width:1em;height:1em}.elementor-widget-text-editor .elementor-drop-cap{float:left;text-align:center;line-height:1;font-size:50px}.elementor-widget-text-editor .elementor-drop-cap-letter{display:inline-block}<\/style>\t\t\t\t<p>Lindenthal &amp; Schmidt<br \/>Rechtsanw\u00e4lte in Partnerschaft mbB<br \/>Partnerschaftsregister AG Hannover, PR 201324<\/p><p>RAin &amp; Partnerin Madalena Lindenthal-Schmidt<br \/>RA &amp; Partner Andre Schmidt<br \/>Cloppenburgerstr. 33<br \/>26135 Oldenburg<\/p><p>Telefon (0441) 20 572 407<br \/>info (at) lindenthal-schmidt.de<\/p><p>Zulassung\/Aufsichtsbeh\u00f6rde:<\/p><p>Die in der Kanzlei Lindenthal &amp; Schmidt t\u00e4tigen Rechtsanw\u00e4lte sind Mitglieder der Hanseatischen Rechtsanwaltskammer Hamburg, die als Aufsichtsbeh\u00f6rde f\u00fcr sie zust\u00e4ndig ist.<\/p><p>Die Rechtsanwaltskammer f\u00fcr den Oberlandesgerichtsbezirk Oldenburg<br \/>Staugraben 5<br \/>26122 Oldenburg<br \/>Telefon: (0441) 92 54 30<\/p><p>&#8222;Rechtsanwalt&#8220; und &#8222;Rechtsanw\u00e4ltin&#8220; sind die gesetzlichen Berufsbezeichnungen. Sie wurden den in der Kanzlei Lindenthal &amp; Schmidt Rechtsanw\u00e4lte in Partnerschaft mbB t\u00e4tigen Rechtsanw\u00e4lten in der Bundesrepublik Deutschland verliehen.<\/p><p>Geb\u00fchren- und Berufsordnungen:<br \/><a href=\"https:\/\/www.brak.de\/anwaltschaft\/berufsrecht\/\">Bundesrechtsanwaltsordnung (BRAO)<\/a><br \/><a href=\"https:\/\/www.brak.de\/anwaltschaft\/berufsrecht\/\">Berufsordnung (BORA)<\/a><br \/><a href=\"https:\/\/www.gesetze-im-internet.de\/rvg\/index.html\">Rechtsanwaltsverg\u00fctungsgesetz (RVG)<\/a><\/p><p>Alle Texte der berufsrechtlichen Regelungen sind \u00fcber die Internetseite der Bundesrechtsanwaltskammer abrufbar. (www.brak.de)<\/p><p>Berufshaftpflichtversicherung<br \/>Die Berufshaftpflichtversicherung der Partnerschaft besteht bei der Markel Insurance SE.<br \/>Die Berufshaftpflichtversicherung von Rechtsanw\u00e4ltin Madalena Lindenthal-Schmidt besteht bei R+V Allgemeine Versicherung AG, die von Rechtsanwalt Andre Schmidt bei .<\/p><p>Inhaltliche Verantwortliche nach \u00a7 5 TMG:<br \/>Madalena Lindenthal-Schmidt, Stau 123, 26122 Oldenburg<br \/>Andre Schmidt, Stau 123, 26122 Oldenburg<\/p>\t\t\t\t\t\t<\/div>\n\t\t\t\t<\/div>\n\t\t\t\t\t<\/div>\n\t\t\t\t<\/div>\n\t\t\t\t\t\t\t<\/div>\n\t\t","protected":false},"excerpt":{"rendered":"<p>Lindenthal &amp; SchmidtRechtsanw\u00e4lte in Partnerschaft mbBPartnerschaftsregister AG Hannover, PR 201324 RAin &amp; Partnerin Madalena Lindenthal-SchmidtRA &amp; Partner Andre SchmidtCloppenburgerstr. 3326135 Oldenburg Telefon (0441) 20 572 407info (at) lindenthal-schmidt.de Zulassung\/Aufsichtsbeh\u00f6rde: Die in der Kanzlei Lindenthal &amp; Schmidt t\u00e4tigen Rechtsanw\u00e4lte sind Mitglieder der Hanseatischen Rechtsanwaltskammer Hamburg, die als Aufsichtsbeh\u00f6rde f\u00fcr sie zust\u00e4ndig ist. Die Rechtsanwaltskammer f\u00fcr den [&hellip;]<\/p>\n","protected":false},"author":1,"featured_media":0,"parent":0,"menu_order":0,"comment_status":"closed","ping_status":"closed","template":"","meta":{"footnotes":""},"class_list":["post-325","page","type-page","status-publish","hentry"],"_links":{"self":[{"href":"https:\/\/clever-goldberg.94-130-216-125.plesk.page\/index.php\/wp-json\/wp\/v2\/pages\/325","targetHints":{"allow":["GET"]}}],"collection":[{"href":"https:\/\/clever-goldberg.94-130-216-125.plesk.page\/index.php\/wp-json\/wp\/v2\/pages"}],"about":[{"href":"https:\/\/clever-goldberg.94-130-216-125.plesk.page\/index.php\/wp-json\/wp\/v2\/types\/page"}],"author":[{"embeddable":true,"href":"https:\/\/clever-goldberg.94-130-216-125.plesk.page\/index.php\/wp-json\/wp\/v2\/users\/1"}],"replies":[{"embeddable":true,"href":"https:\/\/clever-goldberg.94-130-216-125.plesk.page\/index.php\/wp-json\/wp\/v2\/comments?post=325"}],"version-history":[{"count":7,"href":"https:\/\/clever-goldberg.94-130-216-125.plesk.page\/index.php\/wp-json\/wp\/v2\/pages\/325\/revisions"}],"predecessor-version":[{"id":364,"href":"https:\/\/clever-goldberg.94-130-216-125.plesk.page\/index.php\/wp-json\/wp\/v2\/pages\/325\/revisions\/364"}],"wp:attachment":[{"href":"https:\/\/clever-goldberg.94-130-216-125.plesk.page\/index.php\/wp-json\/wp\/v2\/media?parent=325"}],"curies":[{"name":"wp","href":"https:\/\/api.w.org\/{rel}","templated":true}]}}